{"id":161,"date":"2025-10-11T10:35:06","date_gmt":"2025-10-11T13:35:06","guid":{"rendered":"https:\/\/sportnfit.site\/?page_id=161"},"modified":"2025-10-11T10:37:07","modified_gmt":"2025-10-11T13:37:07","slug":"home-2","status":"publish","type":"page","link":"https:\/\/sportnfit.site\/?page_id=161","title":{"rendered":"HOME"},"content":{"rendered":"\t\t<div data-elementor-type=\"wp-page\" data-elementor-id=\"161\" class=\"elementor elementor-161\" data-elementor-settings=\"{&quot;ha_cmc_init_switcher&quot;:&quot;no&quot;}\">\n\t\t\t\t<div class=\"elementor-element elementor-element-666a5200 e-flex e-con-boxed e-con e-parent\" data-id=\"666a5200\" data-element_type=\"container\" data-settings=\"{&quot;background_background&quot;:&quot;classic&quot;,&quot;_ha_eqh_enable&quot;:false}\">\n\t\t\t\t\t<div class=\"e-con-inner\">\n\t\t\t\t<div class=\"elementor-element elementor-element-31a2dd98 elementor-widget elementor-widget-heading\" data-id=\"31a2dd98\" data-element_type=\"widget\" data-widget_type=\"heading.default\">\n\t\t\t\t<div class=\"elementor-widget-container\">\n\t\t\t\t\t<h6 class=\"elementor-heading-title elementor-size-default\">BIENVENID@<\/h6>\t\t\t\t<\/div>\n\t\t\t\t<\/div>\n\t\t\t\t<div class=\"elementor-element elementor-element-25731436 elementor-widget elementor-widget-heading\" data-id=\"25731436\" data-element_type=\"widget\" data-widget_type=\"heading.default\">\n\t\t\t\t<div class=\"elementor-widget-container\">\n\t\t\t\t\t<h1 class=\"elementor-heading-title elementor-size-default\">Tu cambio empieza aqu\u00ed..<\/h1>\t\t\t\t<\/div>\n\t\t\t\t<\/div>\n\t\t\t\t<div class=\"elementor-element elementor-element-5c5b63cf elementor-widget elementor-widget-heading\" data-id=\"5c5b63cf\" data-element_type=\"widget\" data-widget_type=\"heading.default\">\n\t\t\t\t<div class=\"elementor-widget-container\">\n\t\t\t\t\t<h5 class=\"elementor-heading-title elementor-size-default\">Esta web est\u00e1 dedicada a ti, que la disfrutes!<\/h5>\t\t\t\t<\/div>\n\t\t\t\t<\/div>\n\t\t\t\t<div class=\"elementor-element elementor-element-46f8f9ea elementor-align-center elementor-widget elementor-widget-button\" data-id=\"46f8f9ea\" data-element_type=\"widget\" data-widget_type=\"button.default\">\n\t\t\t\t<div class=\"elementor-widget-container\">\n\t\t\t\t\t\t\t\t\t<div class=\"elementor-button-wrapper\">\n\t\t\t\t\t<a class=\"elementor-button elementor-button-link elementor-size-sm\" href=\"https:\/\/library.elementor.com\/local-services-wireframe-1\/contact\/\">\n\t\t\t\t\t\t<span class=\"elementor-button-content-wrapper\">\n\t\t\t\t\t\t\t\t\t<span class=\"elementor-button-text\">Contact us<\/span>\n\t\t\t\t\t<\/span>\n\t\t\t\t\t<\/a>\n\t\t\t\t<\/div>\n\t\t\t\t\t\t\t\t<\/div>\n\t\t\t\t<\/div>\n\t\t\t\t\t<\/div>\n\t\t\t\t<\/div>\n\t\t<div class=\"elementor-element elementor-element-a9f8505 e-flex e-con-boxed e-con e-parent\" data-id=\"a9f8505\" data-element_type=\"container\" data-settings=\"{&quot;background_background&quot;:&quot;classic&quot;,&quot;_ha_eqh_enable&quot;:false}\">\n\t\t\t\t\t<div class=\"e-con-inner\">\n\t\t<div class=\"elementor-element elementor-element-6fdb398 e-con-full e-flex e-con e-child\" data-id=\"6fdb398\" data-element_type=\"container\" data-settings=\"{&quot;_ha_eqh_enable&quot;:false}\">\n\t\t\t\t<div class=\"elementor-element elementor-element-6a1725f elementor-widget elementor-widget-heading\" data-id=\"6a1725f\" data-element_type=\"widget\" data-widget_type=\"heading.default\">\n\t\t\t\t<div class=\"elementor-widget-container\">\n\t\t\t\t\t<h2 class=\"elementor-heading-title elementor-size-default\">Un sitio Web para tu<\/h2>\t\t\t\t<\/div>\n\t\t\t\t<\/div>\n\t\t\t\t<\/div>\n\t\t\t\t\t<\/div>\n\t\t\t\t<\/div>\n\t\t<div class=\"elementor-element elementor-element-743c7fc e-flex e-con-boxed e-con e-parent\" data-id=\"743c7fc\" data-element_type=\"container\" data-settings=\"{&quot;background_background&quot;:&quot;classic&quot;,&quot;_ha_eqh_enable&quot;:false}\">\n\t\t\t\t\t<div class=\"e-con-inner\">\n\t\t<div class=\"elementor-element elementor-element-cbc7952 e-con-full e-flex e-con e-child\" data-id=\"cbc7952\" data-element_type=\"container\" data-settings=\"{&quot;_ha_eqh_enable&quot;:false}\">\n\t\t\t\t<div class=\"elementor-element elementor-element-6c68b1d elementor-widget elementor-widget-text-editor\" data-id=\"6c68b1d\" data-element_type=\"widget\" data-widget_type=\"text-editor.default\">\n\t\t\t\t<div class=\"elementor-widget-container\">\n\t\t\t\t\t\t\t\t\t<p><b class=\"\">\u00a1Bienvenido\/a a tu nuevo espacio de bienestar!<\/b><\/p><p>Nos alegra que est\u00e9s aqu\u00ed. Este lugar ha sido creado pensando en ti, en tus metas y en tu camino hacia una vida m\u00e1s activa y saludable.<\/p><p>Aqu\u00ed no encontrar\u00e1s f\u00f3rmulas m\u00e1gicas, sino herramientas, informaci\u00f3n y una comunidad dispuesta a apoyarte en cada paso. Queremos que te sientas con la confianza de explorar, aprender y, sobre todo, encontrar la motivaci\u00f3n que necesitas para alcanzar tus objetivos, ya sea correr tu primer kil\u00f3metro, levantar m\u00e1s peso, alimentarte de forma m\u00e1s consciente o simplemente sentirte con m\u00e1s energ\u00eda cada d\u00eda.<\/p><p>Este es tu punto de partida. Si\u00e9ntete como en casa.<\/p>\t\t\t\t\t\t\t\t<\/div>\n\t\t\t\t<\/div>\n\t\t\t\t<\/div>\n\t\t<div class=\"elementor-element elementor-element-430575f e-con-full e-flex e-con e-child\" data-id=\"430575f\" data-element_type=\"container\" data-settings=\"{&quot;_ha_eqh_enable&quot;:false}\">\n\t\t\t\t<\/div>\n\t\t<div class=\"elementor-element elementor-element-38e3e76 e-con-full e-flex e-con e-child\" data-id=\"38e3e76\" data-element_type=\"container\" data-settings=\"{&quot;_ha_eqh_enable&quot;:false}\">\n\t\t\t\t<\/div>\n\t\t\t\t\t<\/div>\n\t\t\t\t<\/div>\n\t\t\t\t<\/div>\n\t\t","protected":false},"excerpt":{"rendered":"<p>BIENVENID@ Tu cambio empieza aqu\u00ed.. Esta web est\u00e1 dedicada a ti, que la disfrutes! Contact us Un sitio Web para tu \u00a1Bienvenido\/a a tu nuevo espacio de bienestar! Nos alegra que est\u00e9s aqu\u00ed. Este lugar ha sido creado pensando en ti, en tus metas y en tu camino hacia una vida m\u00e1s activa y saludable. [&hellip;]<\/p>\n","protected":false},"author":1,"featured_media":0,"parent":0,"menu_order":0,"comment_status":"closed","ping_status":"closed","template":"elementor_canvas","meta":{"footnotes":""},"class_list":["post-161","page","type-page","status-publish","hentry"],"_links":{"self":[{"href":"https:\/\/sportnfit.site\/index.php?rest_route=\/wp\/v2\/pages\/161","targetHints":{"allow":["GET"]}}],"collection":[{"href":"https:\/\/sportnfit.site\/index.php?rest_route=\/wp\/v2\/pages"}],"about":[{"href":"https:\/\/sportnfit.site\/index.php?rest_route=\/wp\/v2\/types\/page"}],"author":[{"embeddable":true,"href":"https:\/\/sportnfit.site\/index.php?rest_route=\/wp\/v2\/users\/1"}],"replies":[{"embeddable":true,"href":"https:\/\/sportnfit.site\/index.php?rest_route=%2Fwp%2Fv2%2Fcomments&post=161"}],"version-history":[{"count":4,"href":"https:\/\/sportnfit.site\/index.php?rest_route=\/wp\/v2\/pages\/161\/revisions"}],"predecessor-version":[{"id":183,"href":"https:\/\/sportnfit.site\/index.php?rest_route=\/wp\/v2\/pages\/161\/revisions\/183"}],"wp:attachment":[{"href":"https:\/\/sportnfit.site\/index.php?rest_route=%2Fwp%2Fv2%2Fmedia&parent=161"}],"curies":[{"name":"wp","href":"https:\/\/api.w.org\/{rel}","templated":true}]}}